{"id":44,"date":"2019-05-30T17:58:15","date_gmt":"2019-05-30T15:58:15","guid":{"rendered":"http:\/\/www.fotoembarazadachile.cl\/?page_id=44"},"modified":"2025-05-28T21:57:12","modified_gmt":"2025-05-28T19:57:12","slug":"contacto","status":"publish","type":"page","link":"https:\/\/www.luzvisual.cl\/?page_id=44","title":{"rendered":"Contacto"},"content":{"rendered":"\t\t<div data-elementor-type=\"wp-post\" data-elementor-id=\"44\" class=\"elementor elementor-44\" data-elementor-post-type=\"page\">\n\t\t\t\t\t\t<section class=\"elementor-section elementor-top-section elementor-element elementor-element-256766f elementor-section-boxed elementor-section-height-default elementor-section-height-default\" data-id=\"256766f\" data-element_type=\"section\">\n\t\t\t\t\t\t<div class=\"elementor-container elementor-column-gap-default\">\n\t\t\t\t\t<div class=\"elementor-column elementor-col-100 elementor-top-column elementor-element elementor-element-418d87a\" data-id=\"418d87a\" data-element_type=\"column\">\n\t\t\t<div class=\"elementor-widget-wrap elementor-element-populated\">\n\t\t\t\t\t\t<div class=\"elementor-element elementor-element-58ee147 elementor-widget elementor-widget-text-editor\" data-id=\"58ee147\" data-element_type=\"widget\" data-widget_type=\"text-editor.default\">\n\t\t\t\t<div class=\"elementor-widget-container\">\n\t\t\t\t\t\t\t\t\t<p>\u00a0<\/p><p><img fetchpriority=\"high\" decoding=\"async\" class=\"aligncenter wp-image-1524 size-full\" src=\"https:\/\/www.luzvisual.cl\/wp-content\/uploads\/2023\/01\/ESTUDIO-PARA-EMBARAZADAS-CHILE-SANTIAGO.jpg\" alt=\"\" width=\"9056\" height=\"3520\" srcset=\"https:\/\/www.luzvisual.cl\/wp-content\/uploads\/2023\/01\/ESTUDIO-PARA-EMBARAZADAS-CHILE-SANTIAGO.jpg 9056w, https:\/\/www.luzvisual.cl\/wp-content\/uploads\/2023\/01\/ESTUDIO-PARA-EMBARAZADAS-CHILE-SANTIAGO-300x117.jpg 300w, https:\/\/www.luzvisual.cl\/wp-content\/uploads\/2023\/01\/ESTUDIO-PARA-EMBARAZADAS-CHILE-SANTIAGO-768x299.jpg 768w, https:\/\/www.luzvisual.cl\/wp-content\/uploads\/2023\/01\/ESTUDIO-PARA-EMBARAZADAS-CHILE-SANTIAGO-1024x398.jpg 1024w\" sizes=\"(max-width: 9056px) 100vw, 9056px\" \/><img decoding=\"async\" class=\"aligncenter wp-image-1508 size-medium\" src=\"https:\/\/www.luzvisual.cl\/wp-content\/uploads\/2023\/01\/20230108_152244-169x300.jpg\" alt=\"\" width=\"169\" height=\"300\" srcset=\"https:\/\/www.luzvisual.cl\/wp-content\/uploads\/2023\/01\/20230108_152244-169x300.jpg 169w, https:\/\/www.luzvisual.cl\/wp-content\/uploads\/2023\/01\/20230108_152244-768x1365.jpg 768w, https:\/\/www.luzvisual.cl\/wp-content\/uploads\/2023\/01\/20230108_152244-576x1024.jpg 576w\" sizes=\"(max-width: 169px) 100vw, 169px\" \/><\/p><p style=\"text-align: center;\"><strong>Reserva tu sesi\u00f3n al\u00a0 \u00a0 \u00a0<\/strong><strong>+569 74948072\u00a0 \u00a0<\/strong><strong>fotopamela@gmail.com<\/strong><\/p><p style=\"text-align: center;\"><strong>Pamela Rojas G.\u00a0\u00a0<\/strong><strong>Fotograf\u00eda y Dise\u00f1o<\/strong><\/p><p style=\"text-align: center;\">\u00a0<\/p>\t\t\t\t\t\t\t\t<\/div>\n\t\t\t\t<\/div>\n\t\t\t\t\t<\/div>\n\t\t<\/div>\n\t\t\t\t\t<\/div>\n\t\t<\/section>\n\t\t\t\t<section class=\"elementor-section elementor-top-section elementor-element elementor-element-1308574 elementor-section-boxed elementor-section-height-default elementor-section-height-default\" data-id=\"1308574\" data-element_type=\"section\">\n\t\t\t\t\t\t<div class=\"elementor-container elementor-column-gap-default\">\n\t\t\t\t\t<div class=\"elementor-column elementor-col-100 elementor-top-column elementor-element elementor-element-32867f4\" data-id=\"32867f4\" data-element_type=\"column\">\n\t\t\t<div class=\"elementor-widget-wrap elementor-element-populated\">\n\t\t\t\t\t\t<div class=\"elementor-element elementor-element-a13ceb0 elementor-widget elementor-widget-heading\" data-id=\"a13ceb0\" data-element_type=\"widget\" data-widget_type=\"heading.default\">\n\t\t\t\t<div class=\"elementor-widget-container\">\n\t\t\t\t\t<h2 class=\"elementor-heading-title elementor-size-default\">Quienes Somos<\/h2>\t\t\t\t<\/div>\n\t\t\t\t<\/div>\n\t\t\t\t\t<\/div>\n\t\t<\/div>\n\t\t\t\t\t<\/div>\n\t\t<\/section>\n\t\t\t\t<section class=\"elementor-section elementor-top-section elementor-element elementor-element-1e8d96c5 elementor-section-boxed elementor-section-height-default elementor-section-height-default\" data-id=\"1e8d96c5\" data-element_type=\"section\">\n\t\t\t\t\t\t<div class=\"elementor-container elementor-column-gap-default\">\n\t\t\t\t\t<div class=\"elementor-column elementor-col-100 elementor-top-column elementor-element elementor-element-471f9ec2\" data-id=\"471f9ec2\" data-element_type=\"column\">\n\t\t\t<div class=\"elementor-widget-wrap elementor-element-populated\">\n\t\t\t\t\t\t<div class=\"elementor-element elementor-element-800b3e2 elementor-widget elementor-widget-text-editor\" data-id=\"800b3e2\" data-element_type=\"widget\" data-widget_type=\"text-editor.default\">\n\t\t\t\t<div class=\"elementor-widget-container\">\n\t\t\t\t\t\t\t\t\t<p>\u00a0<img decoding=\"async\" class=\"alignnone size-medium wp-image-525\" src=\"https:\/\/www.luzvisual.cl\/wp-content\/uploads\/2019\/07\/IMG-20190710-WA0008-225x300.jpg\" alt=\"\" width=\"225\" height=\"300\" srcset=\"https:\/\/www.luzvisual.cl\/wp-content\/uploads\/2019\/07\/IMG-20190710-WA0008-225x300.jpg 225w, https:\/\/www.luzvisual.cl\/wp-content\/uploads\/2019\/07\/IMG-20190710-WA0008-768x1024.jpg 768w, https:\/\/www.luzvisual.cl\/wp-content\/uploads\/2019\/07\/IMG-20190710-WA0008.jpg 960w\" sizes=\"(max-width: 225px) 100vw, 225px\" \/> <img loading=\"lazy\" decoding=\"async\" class=\"alignnone size-medium wp-image-585\" src=\"https:\/\/www.luzvisual.cl\/wp-content\/uploads\/2019\/07\/panza-pintada-chile-providencia-1-278x300.jpg\" alt=\"\" width=\"278\" height=\"300\" srcset=\"https:\/\/www.luzvisual.cl\/wp-content\/uploads\/2019\/07\/panza-pintada-chile-providencia-1-278x300.jpg 278w, https:\/\/www.luzvisual.cl\/wp-content\/uploads\/2019\/07\/panza-pintada-chile-providencia-1-768x830.jpg 768w, https:\/\/www.luzvisual.cl\/wp-content\/uploads\/2019\/07\/panza-pintada-chile-providencia-1-948x1024.jpg 948w\" sizes=\"(max-width: 278px) 100vw, 278px\" \/><img loading=\"lazy\" decoding=\"async\" class=\"alignnone size-medium wp-image-568\" style=\"font-style: inherit; font-weight: inherit;\" src=\"https:\/\/www.luzvisual.cl\/wp-content\/uploads\/2019\/07\/CUERPO-PINTADO-CHLE-199x300.jpg\" alt=\"\" width=\"199\" height=\"300\" srcset=\"https:\/\/www.luzvisual.cl\/wp-content\/uploads\/2019\/07\/CUERPO-PINTADO-CHLE-199x300.jpg 199w, https:\/\/www.luzvisual.cl\/wp-content\/uploads\/2019\/07\/CUERPO-PINTADO-CHLE-768x1160.jpg 768w, https:\/\/www.luzvisual.cl\/wp-content\/uploads\/2019\/07\/CUERPO-PINTADO-CHLE-678x1024.jpg 678w\" sizes=\"(max-width: 199px) 100vw, 199px\" \/><img loading=\"lazy\" decoding=\"async\" class=\"alignnone size-medium wp-image-528\" style=\"font-style: inherit; font-weight: inherit;\" src=\"https:\/\/www.luzvisual.cl\/wp-content\/uploads\/2019\/07\/carolina-toro-199x300.jpg\" alt=\"\" width=\"199\" height=\"300\" srcset=\"https:\/\/www.luzvisual.cl\/wp-content\/uploads\/2019\/07\/carolina-toro-199x300.jpg 199w, https:\/\/www.luzvisual.cl\/wp-content\/uploads\/2019\/07\/carolina-toro-768x1160.jpg 768w, https:\/\/www.luzvisual.cl\/wp-content\/uploads\/2019\/07\/carolina-toro-678x1024.jpg 678w, https:\/\/www.luzvisual.cl\/wp-content\/uploads\/2019\/07\/carolina-toro.jpg 816w\" sizes=\"(max-width: 199px) 100vw, 199px\" \/><span style=\"font-size: 16px;\">\u00a0\u00a0<\/span><\/p><p>Nuestro equipo esta compuesto por Pamela Rojas, Fot\u00f3grafa y fundadora de este espacio de creaci\u00f3n art\u00edstica, Alejandra Quiroz, Carolina Toro, y Tonia Gallo, artistas visuales dedicadas y profesionales para brindarte el mejor servicio.<\/p><p><span style=\"color: #ffffff;\">&lt;meta name=\u00bbp:domain_verify\u00bb content=\u00bb2508661757cc3a3894720aa544360cbd\u00bb\/&gt;<\/span><\/p>\t\t\t\t\t\t\t\t<\/div>\n\t\t\t\t<\/div>\n\t\t\t\t\t<\/div>\n\t\t<\/div>\n\t\t\t\t\t<\/div>\n\t\t<\/section>\n\t\t\t\t<section class=\"elementor-section elementor-top-section elementor-element elementor-element-7206d1a elementor-section-boxed elementor-section-height-default elementor-section-height-default\" data-id=\"7206d1a\" data-element_type=\"section\">\n\t\t\t\t\t\t<div class=\"elementor-container elementor-column-gap-default\">\n\t\t\t\t\t<div class=\"elementor-column elementor-col-100 elementor-top-column elementor-element elementor-element-ac06ac7\" data-id=\"ac06ac7\" data-element_type=\"column\">\n\t\t\t<div class=\"elementor-widget-wrap\">\n\t\t\t\t\t\t\t<\/div>\n\t\t<\/div>\n\t\t\t\t\t<\/div>\n\t\t<\/section>\n\t\t\t\t<section class=\"elementor-section elementor-top-section elementor-element elementor-element-b0a860d elementor-section-boxed elementor-section-height-default elementor-section-height-default\" data-id=\"b0a860d\" data-element_type=\"section\">\n\t\t\t\t\t\t<div class=\"elementor-container elementor-column-gap-default\">\n\t\t\t\t\t<div class=\"elementor-column elementor-col-100 elementor-top-column elementor-element elementor-element-86f9e88\" data-id=\"86f9e88\" data-element_type=\"column\">\n\t\t\t<div class=\"elementor-widget-wrap elementor-element-populated\">\n\t\t\t\t\t\t<div class=\"elementor-element elementor-element-cab6f3f elementor-widget elementor-widget-html\" data-id=\"cab6f3f\" data-element_type=\"widget\" data-widget_type=\"html.default\">\n\t\t\t\t<div class=\"elementor-widget-container\">\n\t\t\t\t\tG-342KHX3Y93\t\t\t\t<\/div>\n\t\t\t\t<\/div>\n\t\t\t\t\t<\/div>\n\t\t<\/div>\n\t\t\t\t\t<\/div>\n\t\t<\/section>\n\t\t\t\t<\/div>\n\t\t","protected":false},"excerpt":{"rendered":"<p>\u00a0 Reserva tu sesi\u00f3n al\u00a0 \u00a0 \u00a0+569 74948072\u00a0 \u00a0fotopamela@gmail.com Pamela Rojas G.\u00a0\u00a0Fotograf\u00eda y Dise\u00f1o \u00a0 Quienes Somos \u00a0 \u00a0\u00a0 Nuestro equipo esta compuesto por Pamela Rojas, Fot\u00f3grafa y fundadora de este espacio de creaci\u00f3n art\u00edstica, Alejandra Quiroz, Carolina Toro, y Tonia Gallo, artistas visuales dedicadas y profesionales para brindarte el mejor servicio. &lt;meta name=\u00bbp:domain_verify\u00bb content=\u00bb2508661757cc3a3894720aa544360cbd\u00bb\/&gt; [&hellip;]<\/p>\n","protected":false},"author":1,"featured_media":0,"parent":0,"menu_order":0,"comment_status":"closed","ping_status":"closed","template":"elementor_header_footer","meta":{"_seopress_robots_primary_cat":"","_seopress_titles_title":"","_seopress_titles_desc":"","_seopress_robots_index":"","site-sidebar-layout":"default","site-content-layout":"","ast-site-content-layout":"","site-content-style":"default","site-sidebar-style":"default","ast-global-header-display":"","ast-banner-title-visibility":"","ast-main-header-display":"","ast-hfb-above-header-display":"","ast-hfb-below-header-display":"","ast-hfb-mobile-header-display":"","site-post-title":"","ast-breadcrumbs-content":"","ast-featured-img":"","footer-sml-layout":"","theme-transparent-header-meta":"","adv-header-id-meta":"","stick-header-meta":"","header-above-stick-meta":"","header-main-stick-meta":"","header-below-stick-meta":"","astra-migrate-meta-layouts":"default","ast-page-background-enabled":"default","ast-page-background-meta":{"desktop":{"background-color":"var(--ast-global-color-4)","background-image":"","background-repeat":"repeat","background-position":"center center","background-size":"auto","background-attachment":"scroll","background-type":"","background-media":"","overlay-type":"","overlay-color":"","overlay-opacity":"","overlay-gradient":""},"tablet":{"background-color":"","background-image":"","background-repeat":"repeat","background-position":"center center","background-size":"auto","background-attachment":"scroll","background-type":"","background-media":"","overlay-type":"","overlay-color":"","overlay-opacity":"","overlay-gradient":""},"mobile":{"background-color":"","background-image":"","background-repeat":"repeat","background-position":"center center","background-size":"auto","background-attachment":"scroll","background-type":"","background-media":"","overlay-type":"","overlay-color":"","overlay-opacity":"","overlay-gradient":""}},"ast-content-background-meta":{"desktop":{"background-color":"var(--ast-global-color-5)","background-image":"","background-repeat":"repeat","background-position":"center center","background-size":"auto","background-attachment":"scroll","background-type":"","background-media":"","overlay-type":"","overlay-color":"","overlay-opacity":"","overlay-gradient":""},"tablet":{"background-color":"var(--ast-global-color-5)","background-image":"","background-repeat":"repeat","background-position":"center center","background-size":"auto","background-attachment":"scroll","background-type":"","background-media":"","overlay-type":"","overlay-color":"","overlay-opacity":"","overlay-gradient":""},"mobile":{"background-color":"var(--ast-global-color-5)","background-image":"","background-repeat":"repeat","background-position":"center center","background-size":"auto","background-attachment":"scroll","background-type":"","background-media":"","overlay-type":"","overlay-color":"","overlay-opacity":"","overlay-gradient":""}},"_joinchat":[],"footnotes":""},"class_list":["post-44","page","type-page","status-publish","hentry"],"_links":{"self":[{"href":"https:\/\/www.luzvisual.cl\/index.php?rest_route=\/wp\/v2\/pages\/44","targetHints":{"allow":["GET"]}}],"collection":[{"href":"https:\/\/www.luzvisual.cl\/index.php?rest_route=\/wp\/v2\/pages"}],"about":[{"href":"https:\/\/www.luzvisual.cl\/index.php?rest_route=\/wp\/v2\/types\/page"}],"author":[{"embeddable":true,"href":"https:\/\/www.luzvisual.cl\/index.php?rest_route=\/wp\/v2\/users\/1"}],"replies":[{"embeddable":true,"href":"https:\/\/www.luzvisual.cl\/index.php?rest_route=%2Fwp%2Fv2%2Fcomments&post=44"}],"version-history":[{"count":52,"href":"https:\/\/www.luzvisual.cl\/index.php?rest_route=\/wp\/v2\/pages\/44\/revisions"}],"predecessor-version":[{"id":25705,"href":"https:\/\/www.luzvisual.cl\/index.php?rest_route=\/wp\/v2\/pages\/44\/revisions\/25705"}],"wp:attachment":[{"href":"https:\/\/www.luzvisual.cl\/index.php?rest_route=%2Fwp%2Fv2%2Fmedia&parent=44"}],"curies":[{"name":"wp","href":"https:\/\/api.w.org\/{rel}","templated":true}]}}